{"id":716,"date":"2018-01-25T16:07:06","date_gmt":"2018-01-25T15:07:06","guid":{"rendered":"https:\/\/digitalhelper.fr\/ClaireOrseau\/?page_id=716"},"modified":"2021-02-25T12:13:27","modified_gmt":"2021-02-25T11:13:27","slug":"partenaires","status":"publish","type":"page","link":"https:\/\/www.digitalhelper.fr\/ClaireOrseau\/partenaires\/","title":{"rendered":"Partenaires"},"content":{"rendered":"<section  class=\"phtpb_section pht-parent  phtpb_section--padding-none\"  ><div class=\"pht-layout \"><!-- --><div  class=\"pht-layout__item \"><div class=\"pht-colorbox  pht-box--valign-top \" style=\"\"><figure  class=\"phtpb_item phtpb_item--module phtpb_image pht-fig phtpb_image--center pht-mb phtpb_width--plus phtpb_width--1plus phtpb_width--075plus phtpb_width--value1000\"  ><span class=\"pht-fig__inner\"><img decoding=\"async\"  src=\"https:\/\/www.digitalhelper.fr\/ClaireOrseau\/wp-content\/uploads\/2018\/01\/claire-orseau-partenaires-panoramique.jpg\" class=\"\" alt=\"claire-orseau-partenaires-panoramique\" \/><\/span><\/figure><div  class=\"phtpb_item phtpb_text cf pht-mb phtpb_width--plus phtpb_width--1plus phtpb_width--075plus phtpb_width--value1000\"  ><h1 class=\"pht-shortunderline pht-shortunderline--center\" style=\"text-align: center;\">Partenaires<\/h1>\n<\/div><\/div><\/div><!-- --><\/div><\/section><section  class=\"phtpb_section pht-parent  phtpb_section--padding-none\"  ><div  class=\"pht-wrapper pht-parent\"><div class=\"pht-layout \"><!-- --><div  class=\"pht-layout__item \"><div class=\"pht-colorbox  pht-box--valign-top \" style=\"\"><div  class=\"phtpb_item phtpb_text cf pht-mb phtpb_width--1plus phtpb_width--075plus phtpb_width--value10\"  ><p>Chaque patient est diff\u00e9rent, chaque probl\u00e9matique doit donc \u00eatre abord\u00e9e de mani\u00e8re sp\u00e9cifique.<\/p>\n<p>C&rsquo;est pourquoi je travaille avec d&rsquo;autres professionnels dont l&rsquo;intervention permet de compl\u00e9ter la mienne et ainsi permettre une prise en charge globale du patient.<\/p>\n<\/div><\/div><\/div><!-- --><\/div><\/div><div  class=\"pht-wrapper pht-parent\"><div class=\"pht-layout \"><!-- --><div  class=\"pht-layout__item \"><div class=\"pht-colorbox  pht-box--valign-top \" style=\"\"><div  class=\"pht-layout \"><!-- --><div  class=\"pht-layout__item u-1-of-4-desk u-1-of-4-lap\"><div class=\"pht-colorbox  pht-box--valign-top \" style=\"\"><figure  class=\"phtpb_item phtpb_item--module phtpb_image pht-fig phtpb_image--center pht-mb phtpb_width--value3\"  ><span class=\"pht-fig__inner\"><img decoding=\"async\"  src=\"https:\/\/www.digitalhelper.fr\/ClaireOrseau\/wp-content\/uploads\/2018\/01\/claire-orseau-maha-nammour-NB.jpg\" class=\"\" alt=\"claire-orseau-maha-nammour-NB\" width=\"325\" \/><\/span><\/figure><\/div><\/div><!----><div  class=\"pht-layout__item u-3-of-4-desk u-3-of-4-lap\"><div class=\"pht-colorbox  pht-box--valign-top \" style=\"\"><div  class=\"phtpb_item pht-divider pht-divider_single1 pht-divider_top hidden--never phtpb_width--075plus phtpb_width--value8\" style=height:32px; ><\/div><div  class=\"phtpb_item phtpb_text cf pht-mb phtpb_width--075plus phtpb_width--value8\"  ><p>MA\u00ceTRE REIKI &#8211; MAHA NAMMOUR<\/p>\n<\/div><div  class=\"phtpb_item pht-divider pht-divider_single1 pht-divider_top hidden--never phtpb_width--075plus phtpb_width--value8\" style=height:32px; ><\/div><div  class=\"phtpb_item phtpb_text cf pht-mb phtpb_width--075plus phtpb_width--value8\"  ><p style=\"text-align: justify;\">Le corps et l&rsquo;esprit ne font qu&rsquo;un. Dans ma pratique, j&rsquo;ai pu constater la force du psychisme sur les fonctions biologiques vitales. C&rsquo;est l\u00e0 qu&rsquo;intervient le Reiki, th\u00e9rapie \u00e9nerg\u00e9tique d&rsquo;origine japonaise : faire face \u00e0 sa v\u00e9rit\u00e9, \u00e0 ses faiblesses, \u00e0 ses instabilit\u00e9s, et approfondir le sens de sa vie et de ce qui l&rsquo;entoure. \u00ab\u00a0Le Reiki Jin Kei Do est un bienfait qui nous est accord\u00e9 \u00e0 tous, afin de rendre \u00e0 la vie sa signification et son essence : le v\u00e9ritable paradis sur cette terre.\u00a0\u00bb<br \/>\nSite web : <a href=\"http:\/\/www.mahanammour.com\/\" target=\"_blank\" rel=\"noopener\">http:\/\/www.mahanammour.com\/<\/a><\/p>\n<\/div><\/div><\/div><!-- --><\/div><\/div><\/div><!-- --><\/div><\/div><div  class=\"pht-wrapper pht-parent\"><div class=\"pht-layout \"><!-- --><div  class=\"pht-layout__item \"><div class=\"pht-colorbox  pht-box--valign-top \" style=\"\"><div  class=\"pht-layout \"><!-- --><div  class=\"pht-layout__item u-1-of-4-desk u-1-of-4-lap\"><div class=\"pht-colorbox  pht-box--valign-top \" style=\"\"><figure  class=\"phtpb_item phtpb_item--module phtpb_image pht-fig phtpb_image--center pht-mb phtpb_width--value3\"  ><span class=\"pht-fig__inner\"><img decoding=\"async\"  src=\"https:\/\/www.digitalhelper.fr\/ClaireOrseau\/wp-content\/uploads\/2018\/01\/claire-orseau-christian-goffaux-NB.jpg\" class=\"\" alt=\"claire-orseau-christian-goffaux-NB\" width=\"325\" \/><\/span><\/figure><\/div><\/div><!----><div  class=\"pht-layout__item u-3-of-4-desk u-3-of-4-lap\"><div class=\"pht-colorbox  pht-box--valign-top \" style=\"\"><div  class=\"phtpb_item pht-divider pht-divider_single1 pht-divider_top hidden--never phtpb_width--075plus phtpb_width--value8\" style=height:32px; ><\/div><div  class=\"phtpb_item phtpb_text cf pht-mb phtpb_width--075plus phtpb_width--value8\"  ><p>OST\u00c9OPATHE &#8211; CHRISTIAN GOFFAUX<\/p>\n<\/div><div  class=\"phtpb_item pht-divider pht-divider_single1 pht-divider_top hidden--never phtpb_width--075plus phtpb_width--value8\" style=height:32px; ><\/div><div  class=\"phtpb_item phtpb_text cf pht-mb phtpb_width--075plus phtpb_width--value8\"  ><p style=\"text-align: justify;\">L\u2019ost\u00e9opathie est une m\u00e9thode de soins qui s\u2019emploie \u00e0 d\u00e9terminer et traiter les restrictions de mobilit\u00e9 qui peuvent affecter l\u2019ensemble des structures composants le corps humain.<br \/>\nL\u2019ost\u00e9opathie repose sur trois concepts originaux:<br \/>\n&#8211; la Main outil d\u2019analyse et de de soin<br \/>\n&#8211; la prise en compte de la globalit\u00e9 de l\u2019individu<br \/>\n&#8211; le principe d\u2019\u00e9quilibre tissulaire<\/p>\n<p style=\"text-align: justify;\">Elle n\u00e9cessite des comp\u00e9tences sp\u00e9cifiques, une connaissance approfondie du fonctionnement du corps humain et des interactions entre chacun de ses syst\u00e8mes.<\/p>\n<p style=\"text-align: justify;\">Accompagn\u00e9e de l\u2019analyse et de la r\u00e9information cellulaire, elle permet de localiser, de d\u00e9voiler et de traiter les noeuds d\u2019\u00e9nergie verrouill\u00e9es par les \u00e9v\u00e9nements trop mal v\u00e9cus dans notre vie, durant la grossesse ou par nos anc\u00eatres qui nous les ont l\u00e9gu\u00e9s.<\/p>\n<\/div><\/div><\/div><!-- --><\/div><\/div><\/div><!-- --><\/div><\/div><\/section>","protected":false},"excerpt":{"rendered":"","protected":false},"author":1,"featured_media":0,"parent":0,"menu_order":0,"comment_status":"closed","ping_status":"closed","template":"","meta":{"footnotes":""},"class_list":["post-716","page","type-page","status-publish","hentry"],"_links":{"self":[{"href":"https:\/\/www.digitalhelper.fr\/ClaireOrseau\/wp-json\/wp\/v2\/pages\/716"}],"collection":[{"href":"https:\/\/www.digitalhelper.fr\/ClaireOrseau\/wp-json\/wp\/v2\/pages"}],"about":[{"href":"https:\/\/www.digitalhelper.fr\/ClaireOrseau\/wp-json\/wp\/v2\/types\/page"}],"author":[{"embeddable":true,"href":"https:\/\/www.digitalhelper.fr\/ClaireOrseau\/wp-json\/wp\/v2\/users\/1"}],"replies":[{"embeddable":true,"href":"https:\/\/www.digitalhelper.fr\/ClaireOrseau\/wp-json\/wp\/v2\/comments?post=716"}],"version-history":[{"count":26,"href":"https:\/\/www.digitalhelper.fr\/ClaireOrseau\/wp-json\/wp\/v2\/pages\/716\/revisions"}],"predecessor-version":[{"id":789,"href":"https:\/\/www.digitalhelper.fr\/ClaireOrseau\/wp-json\/wp\/v2\/pages\/716\/revisions\/789"}],"wp:attachment":[{"href":"https:\/\/www.digitalhelper.fr\/ClaireOrseau\/wp-json\/wp\/v2\/media?parent=716"}],"curies":[{"name":"wp","href":"https:\/\/api.w.org\/{rel}","templated":true}]}}